{"id":1731,"date":"2025-01-20T08:51:38","date_gmt":"2025-01-20T07:51:38","guid":{"rendered":"https:\/\/dinser.es\/politica-de-cookies\/"},"modified":"2025-09-04T13:30:07","modified_gmt":"2025-09-04T11:30:07","slug":"politica-de-cookies","status":"publish","type":"page","link":"https:\/\/dinser.es\/ca\/politica-de-cookies\/","title":{"rendered":"Pol\u00edtica de cookies"},"content":{"rendered":"\t\t<div data-elementor-type=\"wp-page\" data-elementor-id=\"1731\" class=\"elementor elementor-1731\" data-elementor-post-type=\"page\">\n\t\t\t\t\t\t<section class=\"elementor-section elementor-top-section elementor-element elementor-element-1dee3be elementor-section-boxed elementor-section-height-default elementor-section-height-default\" data-id=\"1dee3be\" data-element_type=\"section\" data-e-type=\"section\">\n\t\t\t\t\t\t<div class=\"elementor-container elementor-column-gap-default\">\n\t\t\t\t\t<div class=\"elementor-column elementor-col-100 elementor-top-column elementor-element elementor-element-07f65ab\" data-id=\"07f65ab\" data-element_type=\"column\" data-e-type=\"column\">\n\t\t\t<div class=\"elementor-widget-wrap elementor-element-populated\">\n\t\t\t\t\t\t<div class=\"elementor-element elementor-element-5270b29 elementor-widget elementor-widget-heading\" data-id=\"5270b29\" data-element_type=\"widget\" data-e-type=\"widget\" data-widget_type=\"heading.default\">\n\t\t\t\t\t<h1 class=\"elementor-heading-title elementor-size-default\"><b>POL\u00cdTICA DE COOKIES I EMMAGATZEMATGE LOCAL<\/b><\/h1>\t\t\t\t<\/div>\n\t\t\t\t\t<\/div>\n\t\t<\/div>\n\t\t\t\t\t<\/div>\n\t\t<\/section>\n\t\t<div class=\"elementor-element elementor-element-a679816 e-flex e-con-boxed e-con e-parent\" data-id=\"a679816\" data-element_type=\"container\" data-e-type=\"container\">\n\t\t\t\t\t<div class=\"e-con-inner\">\n\t\t\t\t<div class=\"elementor-element elementor-element-b7ba3c6 elementor-widget elementor-widget-text-editor\" data-id=\"b7ba3c6\" data-element_type=\"widget\" data-e-type=\"widget\" data-widget_type=\"text-editor.default\">\n\t\t\t\t\t\t\t\t\t<p><strong>POL\u00cdTICA DE COOKIES I EMMAGATZEMATGE LOCAL<\/strong><\/p><p>Aquest lloc web utilitza cookies i tecnologies similars per proporcionar el servei, aix\u00ed com per permetre&#8217;ns millorar-lo mitjan\u00e7ant l&#8217;obtenci\u00f3 d&#8217;estad\u00edstiques sobre el seu \u00fas i altres finalitats.<\/p><p>Navegar per aquest lloc web implica necess\u00e0riament l&#8217;\u00fas de cookies i tecnologies similars sempre que sigui necessari per al seu funcionament. Aix\u00ed mateix, per a certes finalitats, les cookies i l&#8217;emmagatzematge local estaran subjectes al teu previ consentiment. Pots acceptar o rebutjar les cookies mitjan\u00e7ant el sistema de configuraci\u00f3 establert i tamb\u00e9 \u00e9s possible configurar el navegador per impedir-ne l&#8217;\u00fas.  <\/p><p>Aquesta pol\u00edtica forma part de la nostra pol\u00edtica de privacitat i inclou el seg\u00fcent:<\/p><ul><li>Qu\u00e8 s\u00f3n les cookies?<\/li><li>Per a qu\u00e8 s&#8217;utilitzen les cookies?<\/li><li>Qu\u00e8 entenem per tecnologies similars a les cookies?<\/li><li>Qu\u00e8 s\u00f3n les cookies de tercers? Qui s\u00f3n els destinataris de la informaci\u00f3? <\/li><li>Quines funcions i caracter\u00edstiques de tercers utilitzem al nostre lloc web?<\/li><li>Durant quant de temps es mantenen actives les cookies o tecnologies similars?<\/li><li>\u00das de navegadors amb mode de navegaci\u00f3 privada.<\/li><li>Com impedir l&#8217;\u00fas de cookies i com esborrar-les?<\/li><\/ul><h3><strong>Qu\u00e8 s\u00f3n les cookies?<\/strong><\/h3><p>Les &#8220;cookies&#8221; s\u00f3n petits fitxers temporals que es creen al dispositiu de l&#8217;usuari (ordinador, tel\u00e8fon, tauleta, etc.) quan visita un lloc web. Permeten emmagatzemar o recuperar informaci\u00f3 quan navegues, per exemple, per guardar les teves prefer\u00e8ncies d&#8217;\u00fas, recon\u00e8ixer-te en visites posteriors o recopilar informaci\u00f3 sobre els teus h\u00e0bits de navegaci\u00f3. <\/p><p>Quan un lloc web crea una cookie al dispositiu, s&#8217;emmagatzema l&#8217;adre\u00e7a\/domini del lloc web, la durada de la cookie (que pot anar de pocs minuts a diversos anys) i el contingut de la cookie. Pots deshabilitar les cookies en qualsevol moment mitjan\u00e7ant el sistema de configuraci\u00f3 d&#8217;aquest lloc web o configurant el navegador per impedir-ne l&#8217;\u00fas. <\/p><h3><strong>Per a qu\u00e8 s&#8217;utilitzen les cookies?<\/strong><\/h3><p>Els usos o finalitats m\u00e9s habituals s\u00f3n:<\/p><ul><li><strong>Cookies t\u00e8cniques essencials:<\/strong> Per gestionar el flux de navegaci\u00f3 dins del lloc web o mantenir l&#8217;usuari connectat. En deshabilitar-les, \u00e9s possible que algunes seccions no funcionin correctament. <\/li><li><strong>Cookies de personalitzaci\u00f3:<\/strong> Necess\u00e0ries per recordar determinades prefer\u00e8ncies de l&#8217;usuari.<\/li><li><strong>Cookies anal\u00edtiques:<\/strong> Ens ajuden a recopilar informaci\u00f3 sobre la proced\u00e8ncia dels usuaris i la seva navegaci\u00f3 dins del lloc web per fer an\u00e0lisis estad\u00edstiques i millorar l&#8217;estructura i els continguts.<\/li><li><strong>Cookies publicit\u00e0ries:<\/strong> Per gestionar els anuncis que apareixen al lloc web i decidir-ne el contingut o la freq\u00fc\u00e8ncia.<\/li><li><strong>Cookies publicit\u00e0ries comportamentals:<\/strong> Recopilen els h\u00e0bits de navegaci\u00f3 de l&#8217;usuari per crear un perfil d&#8217;interessos i mostrar anuncis adaptats.<\/li><li><strong>Cookies per a compartici\u00f3 social:<\/strong> Identifiquen l&#8217;usuari a les seves xarxes socials per compartir continguts.<\/li><\/ul><h3><strong>Qu\u00e8 entenem per tecnologies similars a les cookies?<\/strong><\/h3><p>Es refereix a qualsevol mecanisme d&#8217;emmagatzematge i recuperaci\u00f3 de dades al dispositiu de l&#8217;usuari. Les m\u00e9s habituals inclouen: <\/p><ul><li><strong>Emmagatzematge local del navegador:<\/strong> Com \u201csessionStorage\u201d i \u201clocalStorage\u201d.<\/li><li><strong>Emmagatzematge local de complements del navegador:<\/strong> Exemple: Flash Local Shared Objects o Silverlight Isolated Objects.<\/li><li><strong>Web beacons:<\/strong> Imatges allotjades en servidors que permeten registrar visites a p\u00e0gines o correus.<\/li><li><strong>Fingerprinting:<\/strong> Combina informaci\u00f3 del navegador o dispositiu per identificar l&#8217;usuari en visites successives.<\/li><\/ul><h3><strong>Qu\u00e8 s\u00f3n les cookies de tercers? Qui s\u00f3n els destinataris de la informaci\u00f3? <\/strong><\/h3><p>Les cookies es classifiquen en:<\/p><ul><li><strong>Cookies pr\u00f2pies:<\/strong> Creats i gestionades des del nostre domini.<\/li><li><strong>Cookies de tercers:<\/strong> Creats i gestionades per altres llocs web, proporcionant funcions com mapes interactius, v\u00eddeos, botons de xarxes socials o anuncis personalitzats. Aquestes cookies estan sota el control del tercer que les proporciona. <\/li><\/ul><h3><strong>Quines funcions i caracter\u00edstiques de tercers utilitzem al nostre lloc web?<\/strong><\/h3><p>A continuaci\u00f3, es mostra una taula resum de les cookies utilitzades al nostre lloc web:<\/p><table><thead><tr><th><strong>Cookie<\/strong><\/th><th><strong>Tipus<\/strong><\/th><th><strong>Durada<\/strong><\/th><th><strong>Descripci\u00f3<\/strong><\/th><\/tr><\/thead><tbody><tr><td>__cf_bm<\/td><td>De sessi\u00f3<\/td><td>1 hora<\/td><td>Suport de gesti\u00f3 de bots per Cloudflare.<\/td><\/tr><tr><td>cookielawinfo-checkbox-analytics<\/td><td>Persistent<\/td><td>11 mesos<\/td><td>Emmagatzema el consentiment per a cookies anal\u00edtiques.<\/td><\/tr><tr><td>cookielawinfo-checkbox-functional<\/td><td>Persistent<\/td><td>11 mesos<\/td><td>Emmagatzema el consentiment per a cookies funcionals.<\/td><\/tr><tr><td>cookielawinfo-checkbox-necessary<\/td><td>Persistent<\/td><td>11 mesos<\/td><td>Emmagatzema el consentiment per a cookies necess\u00e0ries.<\/td><\/tr><tr><td>viewed_cookie_policy<\/td><td>Persistent<\/td><td>11 mesos<\/td><td>Indica si l&#8217;usuari ha consentit l&#8217;\u00fas de cookies.<\/td><\/tr><\/tbody><\/table><h3><strong>Durant quant de temps es mantenen actives les cookies o tecnologies similars?<\/strong><\/h3><p>Les cookies poden ser:<\/p><ul><li><strong>Temporals de sessi\u00f3:<\/strong> S&#8217;eliminen en tancar el navegador.<\/li><li><strong>Persistents:<\/strong> Romanen fins que caduquen o s\u00f3n eliminades manualment.<\/li><\/ul><h3><strong>Com impedir l&#8217;\u00fas de cookies i com esborrar-les?<\/strong><\/h3><p>Pots configurar les teves prefer\u00e8ncies en qualsevol moment mitjan\u00e7ant el sistema de configuraci\u00f3 de cookies integrat en aquest lloc web. A m\u00e9s, la majoria de navegadors permeten desactivar cookies globalment o per dominis espec\u00edfics. Consulta l&#8217;ajuda del teu navegador:  <\/p><ul><li><a href=\"https:\/\/support.google.com\/chrome\/answer\/95647?hl=es\">Chrome<\/a><\/li><li><a href=\"https:\/\/privacy.microsoft.com\/es-es\/windows-10-microsoft-edge-and-privacy\">Microsoft Edge<\/a><\/li><li><a href=\"https:\/\/support.mozilla.org\/es\/kb\/habilitar-y-deshabilitar-cookies-sitios-web-rastrear-preferencias\">Firefox<\/a><\/li><li><a href=\"https:\/\/support.apple.com\/kb\/PH17191?viewlocale=es_ES&amp;locale=es_ES\">Safari<\/a><\/li><li><a href=\"http:\/\/www.opera.com\/es\/help\">Opera<\/a><\/li><\/ul><p>Per a m\u00e9s informaci\u00f3, consulta la nostra <strong>Pol\u00edtica de Privacitat<\/strong>.<\/p>\t\t\t\t\t\t\t\t<\/div>\n\t\t\t\t\t<\/div>\n\t\t\t\t<\/div>\n\t\t\t\t<\/div>\n\t\t","protected":false},"excerpt":{"rendered":"<p>POL\u00cdTICA DE COOKIES I EMMAGATZEMATGE LOCAL POL\u00cdTICA DE COOKIES I EMMAGATZEMATGE LOCAL Aquest lloc web utilitza cookies i tecnologies similars per proporcionar el servei, aix\u00ed com per permetre&#8217;ns millorar-lo mitjan\u00e7ant l&#8217;obtenci\u00f3 d&#8217;estad\u00edstiques sobre el seu \u00fas i altres finalitats. Navegar per aquest lloc web implica necess\u00e0riament l&#8217;\u00fas de cookies i tecnologies similars sempre que sigui [&hellip;]<\/p>\n","protected":false},"author":3,"featured_media":0,"parent":0,"menu_order":0,"comment_status":"closed","ping_status":"closed","template":"","meta":{"_acf_changed":false,"inline_featured_image":false,"_joinchat":[],"footnotes":""},"class_list":["post-1731","page","type-page","status-publish","hentry"],"acf":[],"yoast_head":"<!-- This site is optimized with the Yoast SEO plugin v27.5 - https:\/\/yoast.com\/product\/yoast-seo-wordpress\/ -->\n<title>\u25b7Pol\u00edtica de cookies - \u3010 Dinser \u3011<\/title>\n<meta name=\"description\" content=\"POL\u00cdTICA DE COOKIES I EMMAGATZEMATGE LOCAL POL\u00cdTICA DE COOKIES I EMMAGATZEMATGE LOCALAquest lloc web utilitza cookies i tecnologies similars per \u2713\" \/>\n<meta name=\"robots\" content=\"noindex, nofollow\" \/>\n<meta property=\"og:locale\" content=\"ca_ES\" \/>\n<meta property=\"og:type\" content=\"article\" \/>\n<meta property=\"og:title\" content=\"\u25b7Pol\u00edtica de cookies - \u3010 Dinser \u3011\" \/>\n<meta property=\"og:description\" content=\"POL\u00cdTICA DE COOKIES I EMMAGATZEMATGE LOCAL POL\u00cdTICA DE COOKIES I EMMAGATZEMATGE LOCALAquest lloc web utilitza cookies i tecnologies similars per \u2713\" \/>\n<meta property=\"og:url\" content=\"https:\/\/dinser.es\/ca\/politica-de-cookies\/\" \/>\n<meta property=\"og:site_name\" content=\"Dinser\" \/>\n<meta property=\"article:modified_time\" content=\"2025-09-04T11:30:07+00:00\" \/>\n<meta name=\"twitter:card\" content=\"summary_large_image\" \/>\n<meta name=\"twitter:label1\" content=\"Temps estimat de lectura\" \/>\n\t<meta name=\"twitter:data1\" content=\"4 minuts\" \/>\n<!-- \/ Yoast SEO plugin. -->","yoast_head_json":{"title":"\u25b7Pol\u00edtica de cookies - \u3010 Dinser \u3011","description":"POL\u00cdTICA DE COOKIES I EMMAGATZEMATGE LOCAL POL\u00cdTICA DE COOKIES I EMMAGATZEMATGE LOCALAquest lloc web utilitza cookies i tecnologies similars per \u2713","robots":{"index":"noindex","follow":"nofollow"},"og_locale":"ca_ES","og_type":"article","og_title":"\u25b7Pol\u00edtica de cookies - \u3010 Dinser \u3011","og_description":"POL\u00cdTICA DE COOKIES I EMMAGATZEMATGE LOCAL POL\u00cdTICA DE COOKIES I EMMAGATZEMATGE LOCALAquest lloc web utilitza cookies i tecnologies similars per \u2713","og_url":"https:\/\/dinser.es\/ca\/politica-de-cookies\/","og_site_name":"Dinser","article_modified_time":"2025-09-04T11:30:07+00:00","twitter_card":"summary_large_image","twitter_misc":{"Temps estimat de lectura":"4 minuts"},"schema":{"@context":"https:\/\/schema.org","@graph":[{"@type":"WebPage","@id":"https:\/\/dinser.es\/ca\/politica-de-cookies\/","url":"https:\/\/dinser.es\/ca\/politica-de-cookies\/","name":"\u25b7Pol\u00edtica de cookies - \u3010 Dinser \u3011","isPartOf":{"@id":"https:\/\/dinser.es\/#website"},"datePublished":"2025-01-20T07:51:38+00:00","dateModified":"2025-09-04T11:30:07+00:00","description":"POL\u00cdTICA DE COOKIES I EMMAGATZEMATGE LOCAL POL\u00cdTICA DE COOKIES I EMMAGATZEMATGE LOCALAquest lloc web utilitza cookies i tecnologies similars per \u2713","breadcrumb":{"@id":"https:\/\/dinser.es\/ca\/politica-de-cookies\/#breadcrumb"},"inLanguage":"ca","potentialAction":[{"@type":"ReadAction","target":["https:\/\/dinser.es\/ca\/politica-de-cookies\/"]}]},{"@type":"BreadcrumbList","@id":"https:\/\/dinser.es\/ca\/politica-de-cookies\/#breadcrumb","itemListElement":[{"@type":"ListItem","position":1,"name":"Portada","item":"https:\/\/dinser.es\/"},{"@type":"ListItem","position":2,"name":"Pol\u00edtica de cookies"}]},{"@type":"WebSite","@id":"https:\/\/dinser.es\/#website","url":"https:\/\/dinser.es\/","name":"Dinser","description":"Digitalizamos tu historia, organizamos tu futuro","publisher":{"@id":"https:\/\/dinser.es\/#organization"},"potentialAction":[{"@type":"SearchAction","target":{"@type":"EntryPoint","urlTemplate":"https:\/\/dinser.es\/?s={search_term_string}"},"query-input":{"@type":"PropertyValueSpecification","valueRequired":true,"valueName":"search_term_string"}}],"inLanguage":"ca"},{"@type":"Organization","@id":"https:\/\/dinser.es\/#organization","name":"Dinser","url":"https:\/\/dinser.es\/","logo":{"@type":"ImageObject","inLanguage":"ca","@id":"https:\/\/dinser.es\/#\/schema\/logo\/image\/","url":"https:\/\/dinser.es\/wp-content\/uploads\/2021\/10\/cropped-wwwarcelona-logo.png","contentUrl":"https:\/\/dinser.es\/wp-content\/uploads\/2021\/10\/cropped-wwwarcelona-logo.png","width":934,"height":266,"caption":"Dinser"},"image":{"@id":"https:\/\/dinser.es\/#\/schema\/logo\/image\/"}}]}},"_links":{"self":[{"href":"https:\/\/dinser.es\/ca\/wp-json\/wp\/v2\/pages\/1731","targetHints":{"allow":["GET"]}}],"collection":[{"href":"https:\/\/dinser.es\/ca\/wp-json\/wp\/v2\/pages"}],"about":[{"href":"https:\/\/dinser.es\/ca\/wp-json\/wp\/v2\/types\/page"}],"author":[{"embeddable":true,"href":"https:\/\/dinser.es\/ca\/wp-json\/wp\/v2\/users\/3"}],"replies":[{"embeddable":true,"href":"https:\/\/dinser.es\/ca\/wp-json\/wp\/v2\/comments?post=1731"}],"version-history":[{"count":1,"href":"https:\/\/dinser.es\/ca\/wp-json\/wp\/v2\/pages\/1731\/revisions"}],"predecessor-version":[{"id":1733,"href":"https:\/\/dinser.es\/ca\/wp-json\/wp\/v2\/pages\/1731\/revisions\/1733"}],"wp:attachment":[{"href":"https:\/\/dinser.es\/ca\/wp-json\/wp\/v2\/media?parent=1731"}],"curies":[{"name":"wp","href":"https:\/\/api.w.org\/{rel}","templated":true}]}}